{"id":191,"date":"2020-10-13T12:17:16","date_gmt":"2020-10-13T12:17:16","guid":{"rendered":"https:\/\/casajienilor.ro\/?page_id=191"},"modified":"2026-05-01T06:56:13","modified_gmt":"2026-05-01T06:56:13","slug":"home-fainari","status":"publish","type":"page","link":"https:\/\/casajienilor.ro\/en\/home-fainari\/","title":{"rendered":"Home Fainari"},"content":{"rendered":"<section class=\"section dark\" id=\"section_1499168632\">\n\t\t<div class=\"bg section-bg fill bg-fill bg-loaded\" >\n\n\t\t\t\n\t\t\t<div class=\"section-bg-overlay absolute fill\"><\/div>\n\t\t\t\n\n\t\t<\/div>\n\n\t\t<div class=\"section-content relative\">\n\t\t\t\n<div class=\"row\"  id=\"row-1765405645\">\n\n\t<div id=\"col-2000141160\" class=\"col small-12 large-12\"  >\n\t\t<div class=\"col-inner text-center\"  >\n\t\t\t\n\t\t\t\n<h6><\/h6>\n<h1><span style=\"font-size: 150%;\">CASA JIENILOR<br \/>\nFAINARI RESTAURANT<\/span><\/h1>\n\t<div id=\"gap-1538577666\" class=\"gap-element clearfix\" style=\"display:block; height:auto;\">\n\t\t\n<style>\n#gap-1538577666 {\n  padding-top: 30px;\n}\n<\/style>\n\t<\/div>\n\t\n<a href=\"#meniufainari\" target=\"_self\" class=\"button white\"  style=\"border-radius:5px;\">\n  <i class=\"icon-angle-down\" ><\/i>  <span>CHECK OUT OUR MENU<\/span>\n  <\/a>\n\n\t\t<\/div>\n\t\t\t<\/div>\n\n\t\n<\/div>\n\t\t<\/div>\n\n\t\t\n<style>\n#section_1499168632 {\n  padding-top: 30px;\n  padding-bottom: 30px;\n  min-height: 600px;\n}\n#section_1499168632 .section-bg-overlay {\n  background-color: rgba(0, 0, 0, 0.01);\n}\n#section_1499168632 .section-bg.bg-loaded {\n  background-image: url(https:\/\/casajienilor.ro\/wp-content\/uploads\/2023\/07\/SLA_7545-scaled.jpg);\n}\n<\/style>\n\t<\/section>\n\t\n\t<section class=\"section\" id=\"section_425111159\">\n\t\t<div class=\"bg section-bg fill bg-fill bg-loaded bg-loaded\" >\n\n\t\t\t\n\t\t\t\n\t\t\t\n\n\t\t<\/div>\n\n\t\t<div class=\"section-content relative\">\n\t\t\t\n<span class=\"scroll-to\" data-label=\"Scroll to: #meniufainari\" data-bullet=\"false\" data-link=\"#meniufainari\" data-title=\"meniufainari\"><a name=\"meniufainari\"><\/a><\/span>\n<div class=\"row align-center\"  id=\"row-1200923778\">\n\n\t<div id=\"col-546566886\" class=\"col medium-8 small-10 large-10\"  data-animate=\"fadeInUp\">\n\t\t<div class=\"col-inner text-center\"  >\n\t\t\t\n\t\t\t\n<h2 style=\"text-align: center;\"><strong>MENU OF THE DAY<\/strong><\/h2>\n<p>Order the menu of the day at the phone number: <a href=\"tel: 0722916111\">0722916111<\/a><\/p>\n<p>The menu of the day changes every day, thus offering only fresh and quality products.<\/p>\n<p>Meniul zilei nu este valabil \u00een zilele de s\u0103rb\u0103toare legal\u0103.<\/p>\n<p>Pentru a afla meniul zilei va rugam sa sunati telefonic.<\/p>\n<div class=\"row\"  id=\"row-1411127616\">\n\n\t<div id=\"col-1815839501\" class=\"col medium-1 small-12 large-1\"  >\n\t\t<div class=\"col-inner\"  >\n\t\t\t\n\t\t\t\n\t\t<\/div>\n\t\t\t<\/div>\n\n\t\n\n\t<div id=\"col-1431211810\" class=\"col medium-4 small-12 large-4\"  >\n\t\t<div class=\"col-inner\"  >\n\t\t\t\n\t\t\t\n\t\t<\/div>\n\t\t\t<\/div>\n\n\t\n\n\t<div id=\"col-1292612041\" class=\"col medium-4 small-12 large-4\"  >\n\t\t<div class=\"col-inner\"  >\n\t\t\t\n\t\t\t\n\t\t<\/div>\n\t\t\t<\/div>\n\n\t\n<\/div>\n\t\t<\/div>\n\t\t\n<style>\n#col-546566886 > .col-inner {\n  padding: 30px 0px 5px 0px;\n}\n<\/style>\n\t<\/div>\n\n\t\n<\/div>\n<div class=\"row align-center\"  id=\"row-540239301\">\n\n\t<div id=\"col-1743745474\" class=\"col medium-8 small-10 large-10\"  data-animate=\"fadeInUp\">\n\t\t<div class=\"col-inner text-center\"  >\n\t\t\t\n\t\t\t\n<div style=\"text-align: center;\">\n<h2><span style=\"font-size: 150%;\">Traditional Romanian food<\/span><\/h2>\n<p style=\"text-align: justify;\"><span style=\"font-size: 100%;\"> Casa Jienilor Restaurant is the warm and cosy place where you can always find a wide range of dishes, from romanian traditional meals to exquisite platters from around the world. We are a traditional restaurant, and we pride ourselves with dishes typical to our country, from the famous bulz to romanian cabbage rolls. Knowing that tastes vary greatly between people, you will also find in our menu a carefully chosen selection of delicacies from the international cuisine, to delight and satisfy everyone's appetence.<\/span><\/p>\n<\/div>\n\t<div id=\"gap-371900303\" class=\"gap-element clearfix\" style=\"display:block; height:auto;\">\n\t\t\n<style>\n#gap-371900303 {\n  padding-top: 30px;\n}\n<\/style>\n\t<\/div>\n\t\n<a href=\"https:\/\/casajienilor.ro\/en\/despre-noi-restaurant-fainari\/\" target=\"_self\" class=\"button secondary\"  style=\"border-radius:99px;\">\n    <span>OUR STORY<\/span>\n  <\/a>\n\n\t\t<\/div>\n\t\t\n<style>\n#col-1743745474 > .col-inner {\n  padding: 30px 0px 5px 0px;\n}\n<\/style>\n\t<\/div>\n\n\t\n<\/div>\n\t\t<\/div>\n\n\t\t\n<style>\n#section_425111159 {\n  padding-top: 0px;\n  padding-bottom: 0px;\n}\n<\/style>\n\t<\/section>\n\t\n\t<section class=\"section dark\" id=\"section_622531228\">\n\t\t<div class=\"bg section-bg fill bg-fill bg-loaded bg-loaded\" >\n\n\t\t\t\n\t\t\t\n\t\t\t\n\n\t\t<\/div>\n\n\t\t<div class=\"section-content relative\">\n\t\t\t\n<div class=\"row row-collapse row-full-width align-middle\"  id=\"row-2061558171\">\n\n\t<div id=\"col-751709199\" class=\"col medium-12 small-12 large-6\"  >\n\t\t<div class=\"col-inner\"  >\n\t\t\t\n\t\t\t\n\n  <div class=\"banner has-hover\" id=\"banner-849561625\">\n          <div class=\"banner-inner fill\">\n        <div class=\"banner-bg fill\" >\n            <div class=\"bg fill bg-fill bg-loaded\"><\/div>\n                                    \n                    <\/div>\n        <div class=\"banner-layers container\">\n            <div class=\"fill banner-link\"><\/div>            \n        <\/div>\n      <\/div>\n\n            \n<style>\n#banner-849561625 {\n  padding-top: 300px;\n}\n#banner-849561625 .bg.bg-loaded {\n  background-image: url(https:\/\/casajienilor.ro\/wp-content\/uploads\/2021\/04\/6.jpg);\n}\n@media (min-width:550px) {\n  #banner-849561625 {\n    padding-top: 500px;\n  }\n}\n@media (min-width:850px) {\n  #banner-849561625 {\n    padding-top: 600px;\n  }\n}\n<\/style>\n  <\/div>\n\n\n\t\t<\/div>\n\t\t\t<\/div>\n\n\t\n\n\t<div id=\"col-2027623424\" class=\"col medium-6 small-12 large-6\"  >\n\t\t<div class=\"col-inner\"  >\n\t\t\t\n\t\t\t\n<div class=\"row\"  id=\"row-537292187\">\n\n\t<div id=\"col-1247518273\" class=\"col small-12 large-12\"  >\n\t\t<div class=\"col-inner\"  >\n\t\t\t\n\t\t\t\n<h1 style=\"text-align: center;\"><strong>Recomandari de sezon<\/strong><\/h1>\n<h3><em>Gustare de vara &#8211; carnati uscati, icre de crap, salata de vinete, cascaval si rosii &#8211; pentru 2 persoane<\/em><\/h3>\n<h3><em>Mancare de spanac cu oua ochiuri<\/em><\/h3>\n<h3><em>Aripioare de pui la ceaun cu cartofi prajiti si sos calypso<\/em><\/h3>\n<h3><em>Piept de pui gratinat cu cascaval<\/em><\/h3>\n<h3><em>Vita cu sos dulce &#8211; acrisor<\/em><\/h3>\n<h3><em>Tigaie de pui cu orez si legume<\/em><\/h3>\n<h3><em>Coasta de porc la cuport cu cartofi boieresti\u00a0<\/em><\/h3>\n\t\t<\/div>\n\t\t\t<\/div>\n\n\t\n<\/div>\n\t\t<\/div>\n\t\t\t<\/div>\n\n\t\n\n<\/div>\n\t\t<\/div>\n\n\t\t\n<style>\n#section_622531228 {\n  padding-top: 0px;\n  padding-bottom: 0px;\n  background-color: #273647;\n}\n<\/style>\n\t<\/section>\n\t\n\n\t<section class=\"section dark\" id=\"section_940143947\">\n\t\t<div class=\"bg section-bg fill bg-fill bg-loaded bg-loaded\" >\n\n\t\t\t\n\t\t\t\n\t\t\t\n\n\t\t<\/div>\n\n\t\t<div class=\"section-content relative\">\n\t\t\t\n<div class=\"row align-middle align-center\"  id=\"row-1735609189\">\n\n\t<div id=\"col-1600537501\" class=\"col medium-12 small-12 large-8\"  >\n\t\t<div class=\"col-inner\"  >\n\t\t\t\n\t\t\t\n<h4 style=\"text-align: center;\"><span style=\"font-size: 150%; color: #282828;\">Traditional restaurant<\/span><\/h4>\n<p style=\"text-align: justify;\"><span style=\"color: #282828;\">Casa Jienilor is a family company, that believes in friendship and promotes Romanian traditional dishes. Feel free to contact us by phone or email for reservations and informations of any nature, and we will gladly respond, promptly.<\/span><\/p>\n\t\t<\/div>\n\t\t\t<\/div>\n\n\t\n\n\t<div id=\"col-1522984223\" class=\"col medium-12 small-12 large-4\"  >\n\t\t<div class=\"col-inner\"  >\n\t\t\t\n\t\t\t\n<a href=\"\/en\/livrari-restaurant-fainari\/\" target=\"_self\" class=\"button primary expand\"  style=\"border-radius:99px;\">\n    <span>Rezervari: +40 722 916 111<\/span>\n  <\/a>\n\n\t\t<\/div>\n\t\t\t<\/div>\n\n\t\n<\/div>\nInstagram did not return a 200.\n\t\t<\/div>\n\n\t\t\n<style>\n#section_940143947 {\n  padding-top: 60px;\n  padding-bottom: 60px;\n  background-color: rgb(255, 255, 255);\n}\n<\/style>\n\t<\/section>\n\t\n\t<section class=\"section dark\" id=\"section_10108893\">\n\t\t<div class=\"bg section-bg fill bg-fill bg-loaded bg-loaded\" >\n\n\t\t\t\n\t\t\t<div class=\"section-bg-overlay absolute fill\"><\/div>\n\t\t\t\n\n\t\t<\/div>\n\n\t\t<div class=\"section-content relative\">\n\t\t\t\n\n\t<div id=\"gap-1717445130\" class=\"gap-element clearfix\" style=\"display:block; height:auto;\">\n\t\t\n<style>\n#gap-1717445130 {\n  padding-top: 30px;\n}\n<\/style>\n\t<\/div>\n\t\n\n<div class=\"row\"  id=\"row-1730567845\">\n\n\n\t<div id=\"col-582354157\" class=\"col medium-4 small-12 large-4\"  >\n\t\t<div class=\"col-inner text-center\"  >\n\t\t\t\n\t\t\t\n\n<h3 class=\"themecolor\">Address<\/h3>\n<p>Fainari 5<br \/>\nDistrict 2, Bucharest<\/p>\n\n\t\t<\/div>\n\t\t\t<\/div>\n\n\t\n\n\t<div id=\"col-584931016\" class=\"col medium-4 small-12 large-4\"  >\n\t\t<div class=\"col-inner text-center\"  >\n\t\t\t\n\t\t\t\n\n<h3 class=\"themecolor\">Reservations<\/h3>\n<p><a href=\"mailto:fainari@casajienilor.ro\">fainari@casajienilor.ro<\/a><\/p>\n<p>\n<a href=\"tel:  40 722 916 111\"> +40 722 916 111<\/a><\/p>\n\n\t\t<\/div>\n\t\t\t<\/div>\n\n\t\n\n\t<div id=\"col-419066723\" class=\"col medium-4 small-12 large-4\"  >\n\t\t<div class=\"col-inner text-center\"  >\n\t\t\t\n\t\t\t\n\n<h3 class=\"themecolor\">Program<\/h3>\n<p>Open daily<\/p>\n<p>Program L-D: 12:00 - 23:30<\/p>\n\n\t\t<\/div>\n\t\t\t<\/div>\n\n\t\n\n\n<\/div>\n<div class=\"row\"  id=\"row-2027450656\">\n\n\n\t<div id=\"col-1135043286\" class=\"col medium-4 small-12 large-4\"  >\n\t\t<div class=\"col-inner\"  >\n\t\t\t\n\t\t\t\n\n\n\t\t<\/div>\n\t\t\t<\/div>\n\n\t\n\n\t<div id=\"col-337543258\" class=\"col medium-4 small-12 large-4\"  >\n\t\t<div class=\"col-inner\"  >\n\t\t\t\n\t\t\t\n\n<div class=\"social-icons follow-icons full-width text-center\" style=\"font-size:110%\"><a href=\"https:\/\/www.facebook.com\/Casa-Jienilor-293423447346310\/\" target=\"_blank\" data-label=\"Facebook\"  rel=\"noopener noreferrer nofollow\" class=\"icon plain facebook tooltip\" title=\"Follow on Facebook\"><i class=\"icon-facebook\" ><\/i><\/a><a href=\"https:\/\/www.instagram.com\/casajienilor\/\" target=\"_blank\" rel=\"noopener noreferrer nofollow\" data-label=\"Instagram\" class=\"icon plain  instagram tooltip\" title=\"Follow on Instagram\"><i class=\"icon-instagram\" ><\/i><\/a><\/div>\n\n\n\t\t<\/div>\n\t\t\t<\/div>\n\n\t\n\n<\/div>\n\t<div id=\"gap-2132359821\" class=\"gap-element clearfix\" style=\"display:block; height:auto;\">\n\t\t\n<style>\n#gap-2132359821 {\n  padding-top: 30px;\n}\n<\/style>\n\t<\/div>\n\t\n\n\n\t\t<\/div>\n\n\t\t\n<style>\n#section_10108893 {\n  padding-top: 0px;\n  padding-bottom: 0px;\n  background-color: rgb(68, 96, 132);\n}\n#section_10108893 .section-bg-overlay {\n  background-color: rgb(52, 55, 61);\n}\n<\/style>\n\t<\/section>","protected":false},"excerpt":{"rendered":"CASA JIENILOR RESTAURANT FAINARI VEZI MENIU MENIUL ZILEI Comanda meniul zilei la numarul de telefon: 0722916111 Meniul zilei se schimba in fiecare zi, astfel oferind numai produse proaspete si de calitate. Meniul zilei nu este valabil \u00een zilele de s\u0103rb\u0103toare legal\u0103. Pentru a afla meniul zilei va rugam sa sunati telefonic. Mancare traditionala romaneasca Casa [...]","protected":false},"author":1,"featured_media":0,"parent":0,"menu_order":0,"comment_status":"closed","ping_status":"closed","template":"page-blank.php","meta":{"_monsterinsights_skip_tracking":false,"_monsterinsights_sitenote_active":false,"_monsterinsights_sitenote_note":"","_monsterinsights_sitenote_category":0,"footnotes":""},"class_list":["post-191","page","type-page","status-publish","hentry"],"yoast_head":"<!-- This site is optimized with the Yoast SEO plugin v20.7 - https:\/\/yoast.com\/wordpress\/plugins\/seo\/ -->\n<title>Home Fainari - Casa Jienilor - Restaurant traditional<\/title>\n<meta name=\"robots\" content=\"index, follow, max-snippet:-1, max-image-preview:large, max-video-preview:-1\" \/>\n<link rel=\"canonical\" href=\"https:\/\/casajienilor.ro\/en\/home-fainari\/\" \/>\n<meta property=\"og:locale\" content=\"en_US\" \/>\n<meta property=\"og:type\" content=\"article\" \/>\n<meta property=\"og:title\" content=\"Home Fainari - Casa Jienilor - Restaurant traditional\" \/>\n<meta property=\"og:url\" content=\"https:\/\/casajienilor.ro\/en\/home-fainari\/\" \/>\n<meta property=\"og:site_name\" content=\"Casa Jienilor - Restaurant traditional\" \/>\n<meta property=\"article:publisher\" content=\"https:\/\/casajienilor.ro\/terasa-casa-jienilor\/\" \/>\n<meta property=\"article:modified_time\" content=\"2026-05-01T06:56:13+00:00\" \/>\n<meta name=\"twitter:card\" content=\"summary_large_image\" \/>\n<meta name=\"twitter:label1\" content=\"Est. reading time\" \/>\n\t<meta name=\"twitter:data1\" content=\"4 minutes\" \/>\n<script type=\"application\/ld+json\" class=\"yoast-schema-graph\">{\"@context\":\"https:\/\/schema.org\",\"@graph\":[{\"@type\":\"WebPage\",\"@id\":\"https:\/\/casajienilor.ro\/home-fainari\/\",\"url\":\"https:\/\/casajienilor.ro\/home-fainari\/\",\"name\":\"Home Fainari - Casa Jienilor - Restaurant traditional\",\"isPartOf\":{\"@id\":\"https:\/\/casajienilor.ro\/en\/#website\"},\"datePublished\":\"2020-10-13T12:17:16+00:00\",\"dateModified\":\"2026-05-01T06:56:13+00:00\",\"breadcrumb\":{\"@id\":\"https:\/\/casajienilor.ro\/home-fainari\/#breadcrumb\"},\"inLanguage\":\"en-US\",\"potentialAction\":[{\"@type\":\"ReadAction\",\"target\":[\"https:\/\/casajienilor.ro\/home-fainari\/\"]}]},{\"@type\":\"BreadcrumbList\",\"@id\":\"https:\/\/casajienilor.ro\/home-fainari\/#breadcrumb\",\"itemListElement\":[{\"@type\":\"ListItem\",\"position\":1,\"name\":\"Home\",\"item\":\"https:\/\/casajienilor.ro\/\"},{\"@type\":\"ListItem\",\"position\":2,\"name\":\"Home Fainari\"}]},{\"@type\":\"WebSite\",\"@id\":\"https:\/\/casajienilor.ro\/en\/#website\",\"url\":\"https:\/\/casajienilor.ro\/en\/\",\"name\":\"Casa Jienilor - Restaurant traditional\",\"description\":\"Suntem un restaurant traditional romanesc, si ne mandrim cu preparatele culinare tipice tarii noastre, de la celebrul bulz la sarmale cu mamaliguta\",\"potentialAction\":[{\"@type\":\"SearchAction\",\"target\":{\"@type\":\"EntryPoint\",\"urlTemplate\":\"https:\/\/casajienilor.ro\/en\/?s={search_term_string}\"},\"query-input\":\"required name=search_term_string\"}],\"inLanguage\":\"en-US\"}]}<\/script>\n<!-- \/ Yoast SEO plugin. -->","yoast_head_json":{"title":"Home Fainari - Casa Jienilor - Restaurant traditional","robots":{"index":"index","follow":"follow","max-snippet":"max-snippet:-1","max-image-preview":"max-image-preview:large","max-video-preview":"max-video-preview:-1"},"canonical":"https:\/\/casajienilor.ro\/en\/home-fainari\/","og_locale":"en_US","og_type":"article","og_title":"Home Fainari - Casa Jienilor - Restaurant traditional","og_url":"https:\/\/casajienilor.ro\/en\/home-fainari\/","og_site_name":"Casa Jienilor - Restaurant traditional","article_publisher":"https:\/\/casajienilor.ro\/terasa-casa-jienilor\/","article_modified_time":"2026-05-01T06:56:13+00:00","twitter_card":"summary_large_image","twitter_misc":{"Est. reading time":"4 minutes"},"schema":{"@context":"https:\/\/schema.org","@graph":[{"@type":"WebPage","@id":"https:\/\/casajienilor.ro\/home-fainari\/","url":"https:\/\/casajienilor.ro\/home-fainari\/","name":"Home Fainari - Casa Jienilor - Restaurant traditional","isPartOf":{"@id":"https:\/\/casajienilor.ro\/en\/#website"},"datePublished":"2020-10-13T12:17:16+00:00","dateModified":"2026-05-01T06:56:13+00:00","breadcrumb":{"@id":"https:\/\/casajienilor.ro\/home-fainari\/#breadcrumb"},"inLanguage":"en-US","potentialAction":[{"@type":"ReadAction","target":["https:\/\/casajienilor.ro\/home-fainari\/"]}]},{"@type":"BreadcrumbList","@id":"https:\/\/casajienilor.ro\/home-fainari\/#breadcrumb","itemListElement":[{"@type":"ListItem","position":1,"name":"Home","item":"https:\/\/casajienilor.ro\/"},{"@type":"ListItem","position":2,"name":"Home Fainari"}]},{"@type":"WebSite","@id":"https:\/\/casajienilor.ro\/en\/#website","url":"https:\/\/casajienilor.ro\/en\/","name":"Casa Jienilor - Restaurant traditional","description":"Suntem un restaurant traditional romanesc, si ne mandrim cu preparatele culinare tipice tarii noastre, de la celebrul bulz la sarmale cu mamaliguta","potentialAction":[{"@type":"SearchAction","target":{"@type":"EntryPoint","urlTemplate":"https:\/\/casajienilor.ro\/en\/?s={search_term_string}"},"query-input":"required name=search_term_string"}],"inLanguage":"en-US"}]}},"_links":{"self":[{"href":"https:\/\/casajienilor.ro\/en\/wp-json\/wp\/v2\/pages\/191","targetHints":{"allow":["GET"]}}],"collection":[{"href":"https:\/\/casajienilor.ro\/en\/wp-json\/wp\/v2\/pages"}],"about":[{"href":"https:\/\/casajienilor.ro\/en\/wp-json\/wp\/v2\/types\/page"}],"author":[{"embeddable":true,"href":"https:\/\/casajienilor.ro\/en\/wp-json\/wp\/v2\/users\/1"}],"replies":[{"embeddable":true,"href":"https:\/\/casajienilor.ro\/en\/wp-json\/wp\/v2\/comments?post=191"}],"version-history":[{"count":66,"href":"https:\/\/casajienilor.ro\/en\/wp-json\/wp\/v2\/pages\/191\/revisions"}],"predecessor-version":[{"id":4430,"href":"https:\/\/casajienilor.ro\/en\/wp-json\/wp\/v2\/pages\/191\/revisions\/4430"}],"wp:attachment":[{"href":"https:\/\/casajienilor.ro\/en\/wp-json\/wp\/v2\/media?parent=191"}],"curies":[{"name":"wp","href":"https:\/\/api.w.org\/{rel}","templated":true}]}}