{"id":2184,"date":"2021-07-13T06:03:46","date_gmt":"2021-07-13T06:03:46","guid":{"rendered":"https:\/\/casajienilor.ro\/?page_id=2184"},"modified":"2024-07-18T11:51:19","modified_gmt":"2024-07-18T11:51:19","slug":"delivery","status":"publish","type":"page","link":"https:\/\/casajienilor.ro\/en\/delivery\/","title":{"rendered":"Delivery"},"content":{"rendered":"<section class=\"wpb-content-wrapper\"><div class=\"vc_row wpb_row vc_row-fluid\"><div class=\"wpb_column vc_column_container vc_col-sm-12\"><div class=\"vc_column-inner\"><div class=\"wpb_wrapper\"><div  class=\"vc_wp_search wpb_content_element\"><div class=\"widget widget_search\"><form method=\"get\" class=\"searchform\" action=\"https:\/\/casajienilor.ro\/en\/\" role=\"search\" data-trp-original-action=\"https:\/\/casajienilor.ro\/en\/\">\n\t\t<div class=\"flex-row relative\">\n\t\t\t<div class=\"flex-col flex-grow\">\n\t   \t   <input type=\"search\" class=\"search-field mb-0\" name=\"s\" value=\"\" id=\"s\" placeholder=\"Search&hellip;\" \/>\n\t\t\t<\/div>\n\t\t\t<div class=\"flex-col\">\n\t\t\t\t<button type=\"submit\" class=\"ux-search-submit submit-button secondary button icon mb-0\" aria-label=\"Submit\">\n\t\t\t\t\t<i class=\"icon-search\" ><\/i>\t\t\t\t<\/button>\n\t\t\t<\/div>\n\t\t<\/div>\n    <div class=\"live-search-results text-left z-top\"><\/div>\n<input type=\"hidden\" name=\"trp-form-language\" value=\"en\"\/><\/form>\n<\/div><\/div>\n\t<div class=\"wpb_text_column wpb_content_element\" >\n\t\t<div class=\"wpb_wrapper\">\n\t\t\t<div id=\"container\">\n<div><a class=\"cool-link\" href=\"#burger\">Burgeri<\/a><\/div>\n<div><a class=\"cool-link\" href=\"#\">Paste<\/a><\/div>\n<div><a class=\"cool-link\" href=\"#\">Meniu copii<\/a><\/div>\n<div><a class=\"cool-link\" href=\"#\">Mancare Gatita<\/a><\/div>\n<div><a class=\"cool-link\" href=\"#\">Cafea<\/a><\/div>\n<div><a class=\"cool-link\" href=\"#\">Sucuri reci<\/a><\/div>\n<div><a class=\"cool-link\" href=\"#\">Desert<\/a><\/div>\n<div><a class=\"cool-link\" href=\"#\">Alcool<\/a><\/div>\n<div><a class=\"cool-link\" href=\"#\">Desert<\/a><\/div>\n<div><a class=\"cool-link\" href=\"#\">Alcool<\/a><\/div>\n<div><a class=\"cool-link\" href=\"#\">Desert<\/a><\/div>\n<div><a class=\"cool-link\" href=\"#\">Alcool<\/a><\/div>\n<\/div>\n\n\t\t<\/div>\n\t<\/div>\n<\/div><\/div><\/div><\/div><div class=\"vc_row wpb_row vc_row-fluid\"><div class=\"wpb_column vc_column_container vc_col-sm-12\"><div class=\"vc_column-inner\"><div class=\"wpb_wrapper\">\n\t<div class=\"wpb_text_column wpb_content_element\" >\n\t\t<div class=\"wpb_wrapper\">\n\t\t\t<h2><strong>Mic dejun<\/strong><\/h2>\n\n\t\t<\/div>\n\t<\/div>\n<\/div><\/div><\/div><\/div><div class=\"vc_row wpb_row vc_row-fluid\"><div class=\"wpb_column vc_column_container vc_col-sm-12\"><div class=\"vc_column-inner\"><div class=\"wpb_wrapper\">\n\t<div class=\"wpb_text_column wpb_content_element  vc_custom_1626169419964\" >\n\t\t<div class=\"wpb_wrapper\">\n\t\t\t<h3><\/h3>\n<p>&nbsp;<\/p>\n<h3>Omlet\u0103 \u021b\u0103r\u0103neasc\u0103<\/h3>\n<p>Omleta taraneasca din 3 oua proaspete de gaina cu ceapa, ardei gras, ciuperci si sunculita taraneasca<\/p>\n<p>300g<\/p>\n\n\t\t<\/div>\n\t<\/div>\n<div id=\"burger\" class=\"vc_wp_tagcloud wpb_content_element\"><\/div>\n\t<div class=\"wpb_text_column wpb_content_element  vc_custom_1626168216213\" >\n\t\t<div class=\"wpb_wrapper\">\n\t\t\t<h3><\/h3>\n<h3>Omlet\u0103 \u021b\u0103r\u0103neasc\u0103<\/h3>\n<p>Omleta taraneasca din 3 oua proaspete de gaina cu ceapa, ardei gras, ciuperci si sunculita taraneasca<\/p>\n<p>300g<\/p>\n\n\t\t<\/div>\n\t<\/div>\n<\/div><\/div><\/div><\/div><div class=\"vc_row wpb_row vc_row-fluid\"><div class=\"wpb_column vc_column_container vc_col-sm-12\"><div class=\"vc_column-inner\"><div class=\"wpb_wrapper\">\n\t<div class=\"wpb_text_column wpb_content_element\" >\n\t\t<div class=\"wpb_wrapper\">\n\t\t\t<h2>Burger<\/h2>\n\n\t\t<\/div>\n\t<\/div>\n<\/div><\/div><\/div><\/div><div class=\"vc_row wpb_row vc_row-fluid\"><div class=\"wpb_column vc_column_container vc_col-sm-12\"><div class=\"vc_column-inner\"><div class=\"wpb_wrapper\">\n\t<div class=\"wpb_text_column wpb_content_element  vc_custom_1626168216213\" >\n\t\t<div class=\"wpb_wrapper\">\n\t\t\t<h3><\/h3>\n<h3>Omlet\u0103 \u021b\u0103r\u0103neasc\u0103<\/h3>\n<p>Omleta taraneasca din 3 oua proaspete de gaina cu ceapa, ardei gras, ciuperci si sunculita taraneasca<\/p>\n<p>300g<\/p>\n\n\t\t<\/div>\n\t<\/div>\n\n\t<div class=\"wpb_text_column wpb_content_element  vc_custom_1626168216213\" >\n\t\t<div class=\"wpb_wrapper\">\n\t\t\t<h3><\/h3>\n<h3>Omlet\u0103 \u021b\u0103r\u0103neasc\u0103<\/h3>\n<p>Omleta taraneasca din 3 oua proaspete de gaina cu ceapa, ardei gras, ciuperci si sunculita taraneasca<\/p>\n<p>300g<\/p>\n\n\t\t<\/div>\n\t<\/div>\n<\/div><\/div><\/div><\/div><div class=\"vc_row wpb_row vc_row-fluid\"><div class=\"wpb_column vc_column_container vc_col-sm-12\"><div class=\"vc_column-inner\"><div class=\"wpb_wrapper\">\n\t<div class=\"wpb_text_column wpb_content_element\" >\n\t\t<div class=\"wpb_wrapper\">\n\t\t\t<h2>Paste<\/h2>\n\n\t\t<\/div>\n\t<\/div>\n<\/div><\/div><\/div><\/div><div class=\"vc_row wpb_row vc_row-fluid\"><div class=\"wpb_column vc_column_container vc_col-sm-12\"><div class=\"vc_column-inner\"><div class=\"wpb_wrapper\">\n\t<div class=\"wpb_text_column wpb_content_element  vc_custom_1626168216213\" >\n\t\t<div class=\"wpb_wrapper\">\n\t\t\t<h3><\/h3>\n<h3>Omlet\u0103 \u021b\u0103r\u0103neasc\u0103<\/h3>\n<p>Omleta taraneasca din 3 oua proaspete de gaina cu ceapa, ardei gras, ciuperci si sunculita taraneasca<\/p>\n<p>300g<\/p>\n\n\t\t<\/div>\n\t<\/div>\n\n\t<div class=\"wpb_text_column wpb_content_element  vc_custom_1626168216213\" >\n\t\t<div class=\"wpb_wrapper\">\n\t\t\t<h3><\/h3>\n<h3>Omlet\u0103 \u021b\u0103r\u0103neasc\u0103<\/h3>\n<p>Omleta taraneasca din 3 oua proaspete de gaina cu ceapa, ardei gras, ciuperci si sunculita taraneasca<\/p>\n<p>300g<\/p>\n\n\t\t<\/div>\n\t<\/div>\n<\/div><\/div><\/div><\/div><div class=\"vc_row wpb_row vc_row-fluid\"><div class=\"wpb_column vc_column_container vc_col-sm-12\"><div class=\"vc_column-inner\"><div class=\"wpb_wrapper\"><div class=\"vc_separator wpb_content_element vc_separator_align_center vc_sep_width_100 vc_sep_pos_align_center vc_separator_no_text vc_sep_color_grey\" ><span class=\"vc_sep_holder vc_sep_holder_l\"><span class=\"vc_sep_line\"><\/span><\/span><span class=\"vc_sep_holder vc_sep_holder_r\"><span class=\"vc_sep_line\"><\/span><\/span>\n<\/div><\/div><\/div><\/div><\/div><div class=\"vc_row wpb_row vc_row-fluid\"><div class=\"wpb_column vc_column_container vc_col-sm-4\"><div class=\"vc_column-inner\"><div class=\"wpb_wrapper\">\n\t<div class=\"wpb_text_column wpb_content_element\" >\n\t\t<div class=\"wpb_wrapper\">\n\t\t\t<h4><i class=\"fa fa-truck fa-3x\"><\/i> <span data-text-color=\"primary\">LIVRARE GRATUITA<\/span><\/h4>\n\n\t\t<\/div>\n\t<\/div>\n<\/div><\/div><\/div><div class=\"wpb_column vc_column_container vc_col-sm-4\"><div class=\"vc_column-inner\"><div class=\"wpb_wrapper\">\n\t<div class=\"wpb_text_column wpb_content_element\" >\n\t\t<div class=\"wpb_wrapper\">\n\t\t\t<h4><span data-text-color=\"secondary\">Livrare gratuit\u0103 la prima comand\u0103 \u0219i la comenzi in valoare de minim 250 lei<\/span><\/h4>\n\n\t\t<\/div>\n\t<\/div>\n<\/div><\/div><\/div><div class=\"wpb_column vc_column_container vc_col-sm-4\"><div class=\"vc_column-inner\"><div class=\"wpb_wrapper\"><div class=\"vc_btn3-container vc_btn3-inline\" ><button class=\"vc_general vc_btn3 vc_btn3-size-md vc_btn3-shape-rounded vc_btn3-style-modern vc_btn3-color-warning\">Cumpar\u0103 acum<\/button><\/div><\/div><\/div><\/div><\/div><div class=\"vc_row wpb_row vc_row-fluid\"><div class=\"wpb_column vc_column_container vc_col-sm-12\"><div class=\"vc_column-inner\"><div class=\"wpb_wrapper\"><\/div><\/div><\/div><\/div>\n<\/section>","protected":false},"excerpt":{"rendered":"Burgeri Paste Meniu copii Mancare Gatita Cafea Sucuri reci Desert Alcool Desert Alcool Desert Alcool Mic dejun &nbsp; Omlet\u0103 \u021b\u0103r\u0103neasc\u0103 Omleta taraneasca din 3 oua proaspete de gaina cu ceapa, ardei gras, ciuperci si sunculita taraneasca 300g Omlet\u0103 \u021b\u0103r\u0103neasc\u0103 Omleta taraneasca din 3 oua proaspete de gaina cu ceapa, ardei gras, ciuperci si sunculita taraneasca [...]","protected":false},"author":4,"featured_media":0,"parent":0,"menu_order":0,"comment_status":"closed","ping_status":"closed","template":"","meta":{"_monsterinsights_skip_tracking":false,"_monsterinsights_sitenote_active":false,"_monsterinsights_sitenote_note":"","_monsterinsights_sitenote_category":0,"footnotes":""},"class_list":["post-2184","page","type-page","status-publish","hentry"],"yoast_head":"<!-- This site is optimized with the Yoast SEO plugin v20.7 - https:\/\/yoast.com\/wordpress\/plugins\/seo\/ -->\n<title>Casa Jienilor - Restaurant traditional<\/title>\n<meta name=\"robots\" content=\"index, follow, max-snippet:-1, max-image-preview:large, max-video-preview:-1\" \/>\n<link rel=\"canonical\" href=\"https:\/\/casajienilor.ro\/en\/delivery\/\" \/>\n<meta property=\"og:locale\" content=\"en_US\" \/>\n<meta property=\"og:type\" content=\"article\" \/>\n<meta property=\"og:title\" content=\"Casa Jienilor - Restaurant traditional\" \/>\n<meta property=\"og:url\" content=\"https:\/\/casajienilor.ro\/en\/delivery\/\" \/>\n<meta property=\"og:site_name\" content=\"Casa Jienilor - Restaurant traditional\" \/>\n<meta property=\"article:publisher\" content=\"https:\/\/casajienilor.ro\/terasa-casa-jienilor\/\" \/>\n<meta property=\"article:modified_time\" content=\"2024-07-18T11:51:19+00:00\" \/>\n<meta name=\"twitter:card\" content=\"summary_large_image\" \/>\n<meta name=\"twitter:label1\" content=\"Est. reading time\" \/>\n\t<meta name=\"twitter:data1\" content=\"1 minute\" \/>\n<script type=\"application\/ld+json\" class=\"yoast-schema-graph\">{\"@context\":\"https:\/\/schema.org\",\"@graph\":[{\"@type\":\"WebPage\",\"@id\":\"https:\/\/casajienilor.ro\/delivery\/\",\"url\":\"https:\/\/casajienilor.ro\/delivery\/\",\"name\":\"Casa Jienilor - Restaurant traditional\",\"isPartOf\":{\"@id\":\"https:\/\/casajienilor.ro\/en\/#website\"},\"datePublished\":\"2021-07-13T06:03:46+00:00\",\"dateModified\":\"2024-07-18T11:51:19+00:00\",\"breadcrumb\":{\"@id\":\"https:\/\/casajienilor.ro\/delivery\/#breadcrumb\"},\"inLanguage\":\"en-US\",\"potentialAction\":[{\"@type\":\"ReadAction\",\"target\":[\"https:\/\/casajienilor.ro\/delivery\/\"]}]},{\"@type\":\"BreadcrumbList\",\"@id\":\"https:\/\/casajienilor.ro\/delivery\/#breadcrumb\",\"itemListElement\":[{\"@type\":\"ListItem\",\"position\":1,\"name\":\"Home\",\"item\":\"https:\/\/casajienilor.ro\/\"},{\"@type\":\"ListItem\",\"position\":2,\"name\":\"Delivery\"}]},{\"@type\":\"WebSite\",\"@id\":\"https:\/\/casajienilor.ro\/en\/#website\",\"url\":\"https:\/\/casajienilor.ro\/en\/\",\"name\":\"Casa Jienilor - Restaurant traditional\",\"description\":\"Suntem un restaurant traditional romanesc, si ne mandrim cu preparatele culinare tipice tarii noastre, de la celebrul bulz la sarmale cu mamaliguta\",\"potentialAction\":[{\"@type\":\"SearchAction\",\"target\":{\"@type\":\"EntryPoint\",\"urlTemplate\":\"https:\/\/casajienilor.ro\/en\/?s={search_term_string}\"},\"query-input\":\"required name=search_term_string\"}],\"inLanguage\":\"en-US\"}]}<\/script>\n<!-- \/ Yoast SEO plugin. -->","yoast_head_json":{"title":"Casa Jienilor - Restaurant traditional","robots":{"index":"index","follow":"follow","max-snippet":"max-snippet:-1","max-image-preview":"max-image-preview:large","max-video-preview":"max-video-preview:-1"},"canonical":"https:\/\/casajienilor.ro\/en\/delivery\/","og_locale":"en_US","og_type":"article","og_title":"Casa Jienilor - Restaurant traditional","og_url":"https:\/\/casajienilor.ro\/en\/delivery\/","og_site_name":"Casa Jienilor - Restaurant traditional","article_publisher":"https:\/\/casajienilor.ro\/terasa-casa-jienilor\/","article_modified_time":"2024-07-18T11:51:19+00:00","twitter_card":"summary_large_image","twitter_misc":{"Est. reading time":"1 minute"},"schema":{"@context":"https:\/\/schema.org","@graph":[{"@type":"WebPage","@id":"https:\/\/casajienilor.ro\/delivery\/","url":"https:\/\/casajienilor.ro\/delivery\/","name":"Casa Jienilor - Restaurant traditional","isPartOf":{"@id":"https:\/\/casajienilor.ro\/en\/#website"},"datePublished":"2021-07-13T06:03:46+00:00","dateModified":"2024-07-18T11:51:19+00:00","breadcrumb":{"@id":"https:\/\/casajienilor.ro\/delivery\/#breadcrumb"},"inLanguage":"en-US","potentialAction":[{"@type":"ReadAction","target":["https:\/\/casajienilor.ro\/delivery\/"]}]},{"@type":"BreadcrumbList","@id":"https:\/\/casajienilor.ro\/delivery\/#breadcrumb","itemListElement":[{"@type":"ListItem","position":1,"name":"Home","item":"https:\/\/casajienilor.ro\/"},{"@type":"ListItem","position":2,"name":"Delivery"}]},{"@type":"WebSite","@id":"https:\/\/casajienilor.ro\/en\/#website","url":"https:\/\/casajienilor.ro\/en\/","name":"Casa Jienilor - Restaurant traditional","description":"Suntem un restaurant traditional romanesc, si ne mandrim cu preparatele culinare tipice tarii noastre, de la celebrul bulz la sarmale cu mamaliguta","potentialAction":[{"@type":"SearchAction","target":{"@type":"EntryPoint","urlTemplate":"https:\/\/casajienilor.ro\/en\/?s={search_term_string}"},"query-input":"required name=search_term_string"}],"inLanguage":"en-US"}]}},"_links":{"self":[{"href":"https:\/\/casajienilor.ro\/en\/wp-json\/wp\/v2\/pages\/2184","targetHints":{"allow":["GET"]}}],"collection":[{"href":"https:\/\/casajienilor.ro\/en\/wp-json\/wp\/v2\/pages"}],"about":[{"href":"https:\/\/casajienilor.ro\/en\/wp-json\/wp\/v2\/types\/page"}],"author":[{"embeddable":true,"href":"https:\/\/casajienilor.ro\/en\/wp-json\/wp\/v2\/users\/4"}],"replies":[{"embeddable":true,"href":"https:\/\/casajienilor.ro\/en\/wp-json\/wp\/v2\/comments?post=2184"}],"version-history":[{"count":46,"href":"https:\/\/casajienilor.ro\/en\/wp-json\/wp\/v2\/pages\/2184\/revisions"}],"predecessor-version":[{"id":3987,"href":"https:\/\/casajienilor.ro\/en\/wp-json\/wp\/v2\/pages\/2184\/revisions\/3987"}],"wp:attachment":[{"href":"https:\/\/casajienilor.ro\/en\/wp-json\/wp\/v2\/media?parent=2184"}],"curies":[{"name":"wp","href":"https:\/\/api.w.org\/{rel}","templated":true}]}}