{"id":47,"date":"2020-10-12T11:30:33","date_gmt":"2020-10-12T11:30:33","guid":{"rendered":"https:\/\/casajienilor.ro\/wp\/?page_id=47"},"modified":"2025-05-08T13:23:25","modified_gmt":"2025-05-08T13:23:25","slug":"evenimente-restaurant-fainari","status":"publish","type":"page","link":"https:\/\/casajienilor.ro\/en\/evenimente-restaurant-fainari\/","title":{"rendered":"Evenimente restaurant fainari"},"content":{"rendered":"<section class=\"wpb-content-wrapper\"><div class=\"vc_row wpb_row vc_row-fluid\"><\/div><div class=\"wpb_column vc_column_container vc_col-sm-12\"><div class=\"vc_column-inner\"><div class=\"wpb_wrapper\"><\/div><\/div><\/div>\n\t<div class=\"wpb_text_column wpb_content_element\" >\n\t\t<div class=\"wpb_wrapper\">\n\t\t\t\n\t\t<\/div>\n\t<\/div>\n\n<p style=\"text-align: left;\">\n\t<section class=\"section\" id=\"section_2082022724\">\n\t\t<div class=\"bg section-bg fill bg-fill bg-loaded bg-loaded\" >\n\n\t\t\t\n\t\t\t\n\t\t\t\n\n\t\t<\/div>\n\n\t\t<div class=\"section-content relative\">\n\t\t\t\n\t\t<\/div>\n\n\t\t\n<style>\n#section_2082022724 {\n  padding-top: 0px;\n  padding-bottom: 0px;\n}\n<\/style>\n\t<\/section>\n<p style=\"text-align: left;\">\n<div class=\"row align-center\"  id=\"row-381737966\">\n<p style=\"text-align: left;\">\n\n\t<div id=\"col-1589385638\" class=\"col medium-8 small-10 large-8\"  >\n\t\t<div class=\"col-inner text-center\"  >\n\t\t\t\n\t\t\t\n<h2 style=\"text-align: center;\"><span style=\"font-size: 120%;\">Events<\/span><\/h2>\n<p style=\"text-align: left;\">We prepare the best dishes and we are waiting for you with culinary surprises every day!<\/p>\n<p style=\"text-align: left;\">\n\t<div id=\"gap-211224918\" class=\"gap-element clearfix\" style=\"display:block; height:auto;\">\n\t\t\n<style>\n#gap-211224918 {\n  padding-top: 20px;\n}\n<\/style>\n\t<\/div>\n\t\n<p>\u00a0<\/p>\n<h3 style=\"text-align: center;\"><strong>Consiliem organizatorul pentru ca evenimentul sa fie desfasurat in cele mai bune conditii!<\/strong><\/h3>\n<p style=\"text-align: left;\">\n\t\t<\/div>\n\t\t\n<style>\n#col-1589385638 > .col-inner {\n  padding: 60px 0px 0px 0px;\n}\n<\/style>\n\t<\/div>\n\n\t\n<\/div>\n<p style=\"text-align: center;\">\n<div class=\"row\"  id=\"row-192187386\">\n<p>\u00a0<\/p>\n<h3 style=\"text-align: center;\">Menu of events<\/h3>\n<p style=\"text-align: left;\">\n\n\t<div id=\"col-207906183\" class=\"col small-12 large-12\"  >\n\t\t<div class=\"col-inner\"  >\n\t\t\t\n\t\t\t\n<p style=\"text-align: center;\">\n<p style=\"text-align: center;\">\n\t\t<\/div>\n\t\t\t<\/div>\n<p style=\"text-align: left;\">\n\n\t<div id=\"col-1550328837\" class=\"col medium-6 small-12 large-6\"  >\n\t\t<div class=\"col-inner\"  >\n\t\t\t\n\t\t\t\n<p style=\"text-align: left;\">\n<div class=\"pricing-table-wrapper\">\n  <div class=\"pricing-table ux_price_table text-center box-shadow-1 box-shadow-3-hover\"style=\"border-radius:10px;background-color:rgb(243, 235, 224);\">\n    <div class=\"pricing-table-header\">\n      <div class=\"title uppercase strong\">Menu 1<\/div>\n      <div class=\"price is-xxlarge\">170 \/ 160 lei<\/div>\n          <\/div>\n    <div class=\"pricing-table-items items\">\n      \n<h3 style=\"text-align: center;\"><strong>170 lei sambata, 165 lei duminica<\/strong><\/h3>\n<p style=\"text-align: left;\"><strong>1. COLD SNACK<\/strong><br \/>\u2013 rulad\u0103 din pui cu legume<br \/>\u2013 gujon din pui cu susan<br \/>\u2013 rulad\u0103 din ca\u0219caval<br \/>\u2013 rulou de \u0219unc\u0103 cu salat\u0103 a la russe<br \/>\u2013 mu\u0219chi file afumat<br \/>\u2013 chiftelu\u021be din porc<br \/>\u2013 salat\u0103 de vinete<br \/>\u2013 m\u0103sline<br \/>\u2013 legume proaspete<\/p>\n<p style=\"text-align: left;\"><strong>2.SARM\u0102LU\u0162E \u00ceN FOI DE VARZ\u0102 CU M\u0102M\u0102LIGU\u0162\u0102 \u015eI ARDEI IUTE<\/strong><\/p>\n<p style=\"text-align: left;\"><strong>3. STEAK<\/strong><br \/>\u2013 rulad\u0103 din porc la cuptor<br \/>\u2013 cioc\u0103nele de pui la cuptor<br \/>\u2013 c\u00e2rn\u0103ciori cu busuioc la gr\u0103tar<br \/>\u2013 cartofi la cuptor cu rozmarin sau cartofi \u021b\u0103r\u0103ne\u0219ti<br \/>\u2013 salat\u0103 asortat\u0103 de sezon<br \/>\u2013 p\u00e2ine<\/p>\n<p style=\"text-align: left;\">Meniul include \u015fampanie pentru primire sau la tort, alune, covrigei, fructe.<br \/>Restaurantul este dotat cu generator electric \u00een eventualitatea \u00eentreruperilor<br \/>de energie electric\u0103.<br \/>The menu can be changed by mutual agreement.<br \/>Remiza (contravaloarea serviciilor) este de 10% peste valoarea total\u0103 a meniului<br \/>ales de beneficiar.<\/p>\n    <\/div>\n      <\/div>\n<\/div>\n<p style=\"text-align: left;\">\n\t\t<\/div>\n\t\t\t<\/div>\n\n\t<div id=\"col-720990325\" class=\"col medium-6 small-12 large-6\"  >\n\t\t<div class=\"col-inner\"  >\n\t\t\t\n\t\t\t\n<p style=\"text-align: left;\">\n<div class=\"pricing-table-wrapper\">\n  <div class=\"pricing-table ux_price_table text-center box-shadow-1 box-shadow-3-hover\"style=\"border-radius:10px;background-color:rgb(243, 235, 224);\">\n    <div class=\"pricing-table-header\">\n      <div class=\"title uppercase strong\">Menu 2<\/div>\n      <div class=\"price is-xxlarge\">190 \/ 175 lei<\/div>\n          <\/div>\n    <div class=\"pricing-table-items items\">\n      \n<h3 style=\"text-align: center;\"><strong>190 lei sambata, 175 lei duminica<\/strong><\/h3>\n<p style=\"text-align: left;\"><strong>1. COLD SNACK<\/strong><br \/>\u2013 rulad\u0103 din pui cu legume<br \/>\u2013 rulad\u0103 din ca\u0219caval<br \/>\u2013 rulou de \u0219unc\u0103 cu salat\u0103 de crudit\u0103\u021bi<br \/>\u2013 icre de crap pe rondea de l\u0103m\u00e2ie<br \/>\u2013 mu\u0219chi file afumat<br \/>\u2013 chiftelu\u021be din porc<br \/>\u2013 b\u0103rcu\u021b\u0103 de ardei cu past\u0103 de br\u00e2nz\u0103<br \/>\u2013 m\u0103sline<br \/>\u2013 legume proaspete<\/p>\n<p style=\"text-align: left;\"><strong>2. \u015eAL\u0102U SAU P\u0102STR\u0102V CU CARTOFI NATUR SAU<\/strong><br \/><strong>BUCHET DE LEGUME<\/strong><\/p>\n<p style=\"text-align: left;\"><strong>3. STEAK<\/strong><br \/>\u2013 rulad\u0103 din porc la cuptor<br \/>\u2013 cioc\u0103nele de pui la cuptor<br \/>\u2013 c\u00e2rn\u0103ciori cu busuioc la gr\u0103tar<br \/>\u2013 cartofi la cuptor cu rozmarin sau cartofi \u021b\u0103r\u0103ne\u0219ti<br \/>\u2013 salat\u0103 asortat\u0103 de sezon<br \/>\u2013 p\u00e2ine<\/p>\n<p style=\"text-align: left;\">Meniul include \u015fampanie pentru primire sau la tort, alune, covrigei, fructe.<br \/>Restaurantul este dotat cu generator electric \u00een eventualitatea \u00eentreruperilor<br \/>de energie electric\u0103.<br \/>The menu can be changed by mutual agreement.<br \/>Remiza (contravaloarea serviciilor) este de 10% peste valoarea total\u0103 a meniului<br \/>ales de beneficiar.<\/p>\n    <\/div>\n      <\/div>\n<\/div>\n<p style=\"text-align: left;\">\n\t\t<\/div>\n\t\t\t<\/div>\n\n\t\n<p style=\"text-align: left;\">\n<\/div>\n<div class=\"row\"  id=\"row-744354199\">\n<p style=\"text-align: left;\">\n\n\t<div id=\"col-610679\" class=\"col medium-6 small-12 large-6\"  >\n\t\t<div class=\"col-inner\"  >\n\t\t\t\n\t\t\t\n<p style=\"text-align: left;\">\n<div class=\"pricing-table-wrapper\">\n  <div class=\"pricing-table ux_price_table text-center box-shadow-1 box-shadow-3-hover\"style=\"border-radius:10px;background-color:rgb(243, 235, 224);\">\n    <div class=\"pricing-table-header\">\n      <div class=\"title uppercase strong\">Menu 3<\/div>\n      <div class=\"price is-xxlarge\">205 \/ 185 lei<\/div>\n          <\/div>\n    <div class=\"pricing-table-items items\">\n      \n<h3 style=\"text-align: center;\"><strong>205 lei saturday, 185 lei sunday<\/strong><\/h3>\n<p style=\"text-align: left;\"><strong>1. COLD SNACK<\/strong><br \/>\u2013 somon afumat pe rondea de l\u0103m\u00e2ie<br \/>\u2013 piept de ra\u021b\u0103 afumat<br \/>\u2013 rulad\u0103 din pui cu legume<br \/>\u2013 rulad\u0103 de cas\u0103 din ca\u015fcaval<br \/>\u2013 rulou dobo\u0219<br \/>\u2013 chiftelu\u0163e de pui cu susan \u015fi mac<br \/>\u2013 frig\u0103rui din ro\u015fii cherry \u015fi mozzarella<br \/>\u2013 m\u0103sline<br \/>\u2013 legume proaspete<\/p>\n<p style=\"text-align: left;\"><strong>2. \u015eAL\u0102U SAU P\u0102STR\u0102V CU CARTOFI NATUR,<\/strong><br \/><strong>SAU BUCHET DE LEGUME<\/strong><\/p>\n<p style=\"text-align: left;\"><strong>3. S\u0102RM\u0102LU\u0162E \u00ceN FOI DE VARZ\u0102 CU M\u0102M\u0102LIG\u0102 \u015eI ARDEI IUTE<\/strong><\/p>\n<p style=\"text-align: left;\"><strong>4. Steak<\/strong><br \/>\u2013 mu\u015fchi de porc imp\u0103nat cu c\u00e2rn\u0103ciori<br \/>\u2013 cioc\u0103nele de pui la cuptor<br \/>\u2013 cartofi la cuptor cu rozmarin sau cartofi \u0163\u0103r\u0103ne\u015fti<br \/>\u2013 salat\u0103 asortat\u0103 de sezon<br \/>\u2013 paine<\/p>\n<p style=\"text-align: left;\">Meniul include \u015fampanie pentru primire sau la tort, alune, covrigei, fructe.<br \/>Restaurantul este dotat cu generator electric \u00een eventualitatea \u00eentreruperilor<br \/>de energie electric\u0103.<br \/>The menu can be changed by mutual agreement.<br \/>Remiza (contravaloarea serviciilor) este de 10% peste valoarea total\u0103<br \/>a meniului ales de beneficiar.<\/p>\n    <\/div>\n      <\/div>\n<\/div>\n\t\t<\/div>\n\t\t\t<\/div>\n\n\t<div id=\"col-2081149015\" class=\"col medium-6 small-12 large-6\"  >\n\t\t<div class=\"col-inner\"  >\n\t\t\t\n\t\t\t\n<p style=\"text-align: left;\">\n\t\t<\/div>\n\t\t\t<\/div>\n<p style=\"text-align: left;\">\n<\/div>\n<p style=\"text-align: left;\">\n<div class=\"row\"  id=\"row-1617649124\">\n<p style=\"text-align: left;\">\n\n\t<div id=\"col-1139512402\" class=\"col medium-6 small-12 large-6\"  >\n\t\t<div class=\"col-inner\"  >\n\t\t\t\n\t\t\t\n<p style=\"text-align: left;\">\n<div class=\"pricing-table-wrapper\">\n  <div class=\"pricing-table ux_price_table text-center box-shadow-1 box-shadow-3-hover\"style=\"border-radius:10px;background-color:rgb(243, 235, 224);\">\n    <div class=\"pricing-table-header\">\n      <div class=\"title uppercase strong\">Oferta Meniu 1<\/div>\n      <div class=\"price is-xxlarge\">135 Lei<\/div>\n          <\/div>\n    <div class=\"pricing-table-items items\">\n      \n<p style=\"text-align: left;\"><strong>1. COLD SNACK<\/strong><br \/>&#8211; trandafir din salam de Sibiu<br \/>&#8211; chiftelute din pui cu susan si mac<br \/>&#8211; rulou din sunca cu salata a la russe<br \/>&#8211; rulou dobos<br \/>&#8211; bruschete cu pastrav afumat<br \/>&#8211; icre de crap pe rondea de lamaie<br \/>&#8211; frigarui din ro\u0219ii cherry si mozzarella<br \/>&#8211; mix de masline<\/p>\n<p style=\"text-align: left;\"><strong>2. FRIPTUR\u0102<\/strong><br \/>&#8211; mixed grill (ceaf\u0103 porc, piept de pui, carnaciori cu busuioc)<br \/>&#8211; cartofi la cuptor cu rozmarin<br \/>&#8211; salata de varza alba<br \/>\u2013 bread<\/p>\n<p>Oferta valabila pentru minim 15 de persoane anuntate cu 48 ore inainte<\/p>\n<p style=\"text-align: left;\">\u00a0<\/p>\n    <\/div>\n      <\/div>\n<\/div>\n<p style=\"text-align: left;\">\n\t\t<\/div>\n\t\t\t<\/div>\n\n\t<div id=\"col-1053636836\" class=\"col medium-6 small-12 large-6\"  >\n\t\t<div class=\"col-inner\"  >\n\t\t\t\n\t\t\t\n<p style=\"text-align: left;\">\n<div class=\"pricing-table-wrapper\">\n  <div class=\"pricing-table ux_price_table text-center box-shadow-1 box-shadow-3-hover\"style=\"border-radius:10px;background-color:rgb(243, 235, 224);\">\n    <div class=\"pricing-table-header\">\n      <div class=\"title uppercase strong\">Oferta Meniu 2<\/div>\n      <div class=\"price is-xxlarge\">120 Lei<\/div>\n          <\/div>\n    <div class=\"pricing-table-items items\">\n      \n<p style=\"text-align: left;\"><strong>1. COLD SNACK<\/strong><br \/>&#8211; rulad\u0103 de casa din pept de pui si legume<br \/>&#8211; rulou de sunca cu salata a la russe<br \/>&#8211; chiftelute din porc<br \/>&#8211; carnati crud uscati afumati<br \/>&#8211; rulada telemea<br \/>&#8211; icre de crap pe rondea de lamaie<br \/>&#8211; salata de vinete<br \/>&#8211; legume proaspete<br \/>&#8211; masline<\/p>\n<p style=\"text-align: left;\"><strong>2. FRIPTUR\u0102 LA GRATAR<\/strong><br \/>&#8211; frigarui asortate la gratar (porc, pui, legume)<br \/>&#8211; cartofi boieresti<br \/>&#8211; salata asortata de sezon (vara sau iarna)<br \/>&#8211; paine<\/p>\n<p>Oferta valabila pentru minim 15 de persoane anuntate cu 48 ore inainte<\/p>\n    <\/div>\n      <\/div>\n<\/div>\n<p style=\"text-align: left;\">\n\t\t<\/div>\n\t\t\t<\/div>\n\n\t\n<p style=\"text-align: left;\">\n<\/div>\n<p>\u00a0<\/p>\n<h3 style=\"text-align: center;\">OPEN BAR<\/h3>\n<p>\u00a0<\/p>\n<div class=\"row\"  id=\"row-1114529951\">\n<div id=\"col-428377310\" class=\"col medium-4 small-12 large-4\"  >\n\t\t<div class=\"col-inner text-center\"  >\n\t\t\t\n\t\t\t\n<div class=\"pricing-table-wrapper\">\n  <div class=\"pricing-table ux_price_table text-center box-shadow-3-hover featured-table\"style=\"background-color:rgb(243, 235, 224);\">\n    <div class=\"pricing-table-header\">\n      <div class=\"title uppercase strong\">Open bar A<\/div>\n      <div class=\"price is-xxlarge\">105 lei<\/div>\n          <\/div>\n    <div class=\"pricing-table-items items\">\n      \n<p style=\"text-align: center;\"><strong>SPIRTOASE<\/strong><br \/>J&amp;B<br \/>JIM BEAM<br \/>FINLANDIA<br \/>\u0162UIC\u0102 \/ P\u0102LINC\u0102<br \/>VI\u0218INAT\u0102 \/ AFINAT\u0102<br \/>MARTINI ALB \/ RO\u0218U<br \/>BAILEY\u2019S<br \/>CAMPARI<\/p>\n<p style=\"text-align: center;\"><strong>LONG DRINKS<\/strong><br \/>GIN TONIC<br \/>CAMPARI ORANGE<br \/>APEROL SPRITZ<\/p>\n<p style=\"text-align: center;\"><strong>BERE &#8211; DRAFT<\/strong><\/p>\n<p style=\"text-align: center;\">VIN &#8211; carafa gama RECAS<br \/>ALB Feteasca Regala demisec<br \/>ROSU Merlot demisec<br \/>ROZE demisec<\/p>\n<p style=\"text-align: center;\"><strong>CAFEA \/ CEAI FRUCTE<\/strong><\/p>\n<p style=\"text-align: center;\"><strong>APA minerala \/ plata<\/strong><\/p>\n<p style=\"text-align: center;\"><strong>SUCURI GAMA COCA &#8211; COLA<\/strong><\/p>\n    <\/div>\n      <\/div>\n<\/div>\n\t\t<\/div>\n\t\t\t<\/div>\n\n\t<div id=\"col-548420379\" class=\"col medium-4 small-12 large-4\"  >\n\t\t<div class=\"col-inner\"  >\n\t\t\t\n\t\t\t\n<div class=\"pricing-table-wrapper\">\n  <div class=\"pricing-table ux_price_table text-center box-shadow-3-hover featured-table\"style=\"background-color:rgb(243, 235, 224);\">\n    <div class=\"pricing-table-header\">\n      <div class=\"title uppercase strong\">Open bar B<\/div>\n      <div class=\"price is-xxlarge\">125 lei<\/div>\n          <\/div>\n    <div class=\"pricing-table-items items\">\n      \n<p style=\"text-align: center;\"><strong>SPIRTOASE<\/strong><br \/>BALLANTINE&#8217;S<br \/>JIM BEAM<br \/>SMIRNOFF<br \/>\u0162UIC\u0102 \/ P\u0102LINC\u0102<br \/>VI\u0218INAT\u0102 \/ AFINAT\u0102<br \/>MARTINI ALB \/ RO\u0218U<br \/>BAILEY\u2019S<br \/>CAMPARI<\/p>\n<p style=\"text-align: center;\"><strong>LONG DRINKS<\/strong><br \/>GIN TONIC<br \/>CAMPARI ORANGE<br \/>APEROL SPRITZ<\/p>\n<p style=\"text-align: center;\"><strong>BERE &#8211; DRAFT<\/strong><\/p>\n<p style=\"text-align: center;\"><strong>VIN &#8211; sticl\u0103 SARICA NICULITEL<\/strong><br \/>ALB, RO\u0218U, ROZE &#8211; sec<br \/>Aniversarium &#8211; sec<\/p>\n<p style=\"text-align: center;\"><strong>CAFEA \/ CEAI FRUCTE<\/strong><\/p>\n<p style=\"text-align: center;\"><strong>APA minerala \/ plata<\/strong><\/p>\n<p style=\"text-align: center;\"><strong>SUCURI GAMA COCA &#8211; COLA<\/strong><\/p>\n    <\/div>\n      <\/div>\n<\/div>\n\t\t<\/div>\n\t\t\t<\/div>\n\n\t<div id=\"col-1829365811\" class=\"col medium-4 small-12 large-4\"  >\n\t\t<div class=\"col-inner\"  >\n\t\t\t\n\t\t\t\n<div class=\"pricing-table-wrapper\">\n  <div class=\"pricing-table ux_price_table text-center box-shadow-3-hover featured-table\"style=\"background-color:rgb(243, 235, 224);\">\n    <div class=\"pricing-table-header\">\n      <div class=\"title uppercase strong\">Open bar C<\/div>\n      <div class=\"price is-xxlarge\">140 lei<\/div>\n          <\/div>\n    <div class=\"pricing-table-items items\">\n      \n<p style=\"text-align: center;\"><strong>SPIRTOASE<\/strong><br \/>JACK DANIEL&#8217;S<br \/>BALLANTINE&#8217;S<br \/>SMIRNOFF<br \/>\u0162UIC\u0102 \/ P\u0102LINC\u0102<br \/>VI\u0218INAT\u0102 \/ AFINAT\u0102<br \/>MARTINI ALB \/ RO\u0218U<br \/>BAILEY\u2019S<br \/>CAMPARI<\/p>\n<p style=\"text-align: center;\"><strong>LONG DRINKS<\/strong><br \/>GIN TONIC<br \/>CAMPARI ORANGE<br \/>APEROL SPRITZ<\/p>\n<p style=\"text-align: center;\"><strong>BERE &#8211; DRAFT<\/strong><\/p>\n<p style=\"text-align: center;\"><strong>VIN &#8211; sticl\u0103 CAII DE LA LETEA Vol. 1<\/strong><br \/>ALB, RO\u0218U, ROZE &#8211; sec<\/p>\n<p style=\"text-align: center;\"><strong>CAFEA \/ CEAI FRUCTE<\/strong><\/p>\n<p style=\"text-align: center;\"><strong>APA minerala \/ plata<\/strong><\/p>\n<p style=\"text-align: center;\"><strong>SUCURI GAMA COCA &#8211; COLA<\/strong><\/p>\n<p>\u00a0<\/p>\n    <\/div>\n      <\/div>\n<\/div>\n\t\t<\/div>\n\t\t\t<\/div>\n<\/div>\n<p>\u00a0<\/p>\n<p style=\"text-align: left;\">\u00a0<\/p>\n<p style=\"text-align: left;\">\n\t<section class=\"section dark\" id=\"section_16765078\">\n\t\t<div class=\"bg section-bg fill bg-fill bg-loaded bg-loaded\" >\n\n\t\t\t\n\t\t\t<div class=\"section-bg-overlay absolute fill\"><\/div>\n\t\t\t\n\n\t\t<\/div>\n\n\t\t<div class=\"section-content relative\">\n\t\t\t\n\n\t<div id=\"gap-1456607249\" class=\"gap-element clearfix\" style=\"display:block; height:auto;\">\n\t\t\n<style>\n#gap-1456607249 {\n  padding-top: 30px;\n}\n<\/style>\n\t<\/div>\n\t\n\n<div class=\"row\"  id=\"row-1125023480\">\n\n\n\t<div id=\"col-1572766165\" class=\"col medium-4 small-12 large-4\"  >\n\t\t<div class=\"col-inner text-center\"  >\n\t\t\t\n\t\t\t\n\n<h3 class=\"themecolor\">Address<\/h3>\n<p>Fainari 5<br \/>\nDistrict 2, Bucharest<\/p>\n\n\t\t<\/div>\n\t\t\t<\/div>\n\n\t\n\n\t<div id=\"col-315362661\" class=\"col medium-4 small-12 large-4\"  >\n\t\t<div class=\"col-inner text-center\"  >\n\t\t\t\n\t\t\t\n\n<h3 class=\"themecolor\">Reservations<\/h3>\n<p><a href=\"mailto:fainari@casajienilor.ro\">fainari@casajienilor.ro<\/a><\/p>\n<p>\n<a href=\"tel:  40 722 916 111\"> +40 722 916 111<\/a><\/p>\n\n\t\t<\/div>\n\t\t\t<\/div>\n\n\t\n\n\t<div id=\"col-757314396\" class=\"col medium-4 small-12 large-4\"  >\n\t\t<div class=\"col-inner text-center\"  >\n\t\t\t\n\t\t\t\n\n<h3 class=\"themecolor\">Program<\/h3>\n<p>Open daily<\/p>\n<p>Program L-D: 12:00 - 23:30<\/p>\n\n\t\t<\/div>\n\t\t\t<\/div>\n\n\t\n\n\n<\/div>\n<div class=\"row\"  id=\"row-869414343\">\n\n\n\t<div id=\"col-109293965\" class=\"col medium-4 small-12 large-4\"  >\n\t\t<div class=\"col-inner\"  >\n\t\t\t\n\t\t\t\n\n\n\t\t<\/div>\n\t\t\t<\/div>\n\n\t\n\n\t<div id=\"col-1642372054\" class=\"col medium-4 small-12 large-4\"  >\n\t\t<div class=\"col-inner\"  >\n\t\t\t\n\t\t\t\n\n<div class=\"social-icons follow-icons full-width text-center\" style=\"font-size:110%\"><a href=\"https:\/\/www.facebook.com\/Casa-Jienilor-293423447346310\/\" target=\"_blank\" data-label=\"Facebook\"  rel=\"noopener noreferrer nofollow\" class=\"icon plain facebook tooltip\" title=\"Follow on Facebook\"><i class=\"icon-facebook\" ><\/i><\/a><a href=\"https:\/\/www.instagram.com\/casajienilor\/\" target=\"_blank\" rel=\"noopener noreferrer nofollow\" data-label=\"Instagram\" class=\"icon plain  instagram tooltip\" title=\"Follow on Instagram\"><i class=\"icon-instagram\" ><\/i><\/a><\/div>\n\n\n\t\t<\/div>\n\t\t\t<\/div>\n\n\t\n\n<\/div>\n\t<div id=\"gap-1430267490\" class=\"gap-element clearfix\" style=\"display:block; height:auto;\">\n\t\t\n<style>\n#gap-1430267490 {\n  padding-top: 30px;\n}\n<\/style>\n\t<\/div>\n\t\n\n\n\t\t<\/div>\n\n\t\t\n<style>\n#section_16765078 {\n  padding-top: 0px;\n  padding-bottom: 0px;\n  background-color: rgb(68, 96, 132);\n}\n#section_16765078 .section-bg-overlay {\n  background-color: rgb(52, 55, 61);\n}\n<\/style>\n\t<\/section>\n\t\n<\/section>","protected":false},"excerpt":{"rendered":"<p>\u00a0 OPEN BAR \u00a0 \u00a0 \u00a0<\/p>","protected":false},"author":1,"featured_media":0,"parent":0,"menu_order":0,"comment_status":"closed","ping_status":"closed","template":"page-blank.php","meta":{"_monsterinsights_skip_tracking":false,"_monsterinsights_sitenote_active":false,"_monsterinsights_sitenote_note":"","_monsterinsights_sitenote_category":0,"footnotes":""},"class_list":["post-47","page","type-page","status-publish","hentry"],"yoast_head":"<!-- This site is optimized with the Yoast SEO plugin v20.7 - https:\/\/yoast.com\/wordpress\/plugins\/seo\/ -->\n<title>Evenimente restaurant fainari - Casa Jienilor - Restaurant traditional<\/title>\n<meta name=\"robots\" content=\"index, follow, max-snippet:-1, max-image-preview:large, max-video-preview:-1\" \/>\n<link rel=\"canonical\" href=\"https:\/\/casajienilor.ro\/en\/evenimente-restaurant-fainari\/\" \/>\n<meta property=\"og:locale\" content=\"en_US\" \/>\n<meta property=\"og:type\" content=\"article\" \/>\n<meta property=\"og:title\" content=\"Evenimente restaurant fainari - Casa Jienilor - Restaurant traditional\" \/>\n<meta property=\"og:description\" content=\"\u00a0 OPEN BAR \u00a0 \u00a0 \u00a0\" \/>\n<meta property=\"og:url\" content=\"https:\/\/casajienilor.ro\/en\/evenimente-restaurant-fainari\/\" \/>\n<meta property=\"og:site_name\" content=\"Casa Jienilor - Restaurant traditional\" \/>\n<meta property=\"article:publisher\" content=\"https:\/\/casajienilor.ro\/terasa-casa-jienilor\/\" \/>\n<meta property=\"article:modified_time\" content=\"2025-05-08T13:23:25+00:00\" \/>\n<meta name=\"twitter:card\" content=\"summary_large_image\" \/>\n<meta name=\"twitter:label1\" content=\"Est. reading time\" \/>\n\t<meta name=\"twitter:data1\" content=\"5 minutes\" \/>\n<script type=\"application\/ld+json\" class=\"yoast-schema-graph\">{\"@context\":\"https:\/\/schema.org\",\"@graph\":[{\"@type\":\"WebPage\",\"@id\":\"https:\/\/casajienilor.ro\/evenimente-restaurant-fainari\/\",\"url\":\"https:\/\/casajienilor.ro\/evenimente-restaurant-fainari\/\",\"name\":\"Evenimente restaurant fainari - Casa Jienilor - Restaurant traditional\",\"isPartOf\":{\"@id\":\"https:\/\/casajienilor.ro\/en\/#website\"},\"datePublished\":\"2020-10-12T11:30:33+00:00\",\"dateModified\":\"2025-05-08T13:23:25+00:00\",\"breadcrumb\":{\"@id\":\"https:\/\/casajienilor.ro\/evenimente-restaurant-fainari\/#breadcrumb\"},\"inLanguage\":\"en-US\",\"potentialAction\":[{\"@type\":\"ReadAction\",\"target\":[\"https:\/\/casajienilor.ro\/evenimente-restaurant-fainari\/\"]}]},{\"@type\":\"BreadcrumbList\",\"@id\":\"https:\/\/casajienilor.ro\/evenimente-restaurant-fainari\/#breadcrumb\",\"itemListElement\":[{\"@type\":\"ListItem\",\"position\":1,\"name\":\"Home\",\"item\":\"https:\/\/casajienilor.ro\/\"},{\"@type\":\"ListItem\",\"position\":2,\"name\":\"Evenimente restaurant fainari\"}]},{\"@type\":\"WebSite\",\"@id\":\"https:\/\/casajienilor.ro\/en\/#website\",\"url\":\"https:\/\/casajienilor.ro\/en\/\",\"name\":\"Casa Jienilor - Restaurant traditional\",\"description\":\"Suntem un restaurant traditional romanesc, si ne mandrim cu preparatele culinare tipice tarii noastre, de la celebrul bulz la sarmale cu mamaliguta\",\"potentialAction\":[{\"@type\":\"SearchAction\",\"target\":{\"@type\":\"EntryPoint\",\"urlTemplate\":\"https:\/\/casajienilor.ro\/en\/?s={search_term_string}\"},\"query-input\":\"required name=search_term_string\"}],\"inLanguage\":\"en-US\"}]}<\/script>\n<!-- \/ Yoast SEO plugin. -->","yoast_head_json":{"title":"Evenimente restaurant fainari - Casa Jienilor - Restaurant traditional","robots":{"index":"index","follow":"follow","max-snippet":"max-snippet:-1","max-image-preview":"max-image-preview:large","max-video-preview":"max-video-preview:-1"},"canonical":"https:\/\/casajienilor.ro\/en\/evenimente-restaurant-fainari\/","og_locale":"en_US","og_type":"article","og_title":"Evenimente restaurant fainari - Casa Jienilor - Restaurant traditional","og_description":"\u00a0 OPEN BAR \u00a0 \u00a0 \u00a0","og_url":"https:\/\/casajienilor.ro\/en\/evenimente-restaurant-fainari\/","og_site_name":"Casa Jienilor - Restaurant traditional","article_publisher":"https:\/\/casajienilor.ro\/terasa-casa-jienilor\/","article_modified_time":"2025-05-08T13:23:25+00:00","twitter_card":"summary_large_image","twitter_misc":{"Est. reading time":"5 minutes"},"schema":{"@context":"https:\/\/schema.org","@graph":[{"@type":"WebPage","@id":"https:\/\/casajienilor.ro\/evenimente-restaurant-fainari\/","url":"https:\/\/casajienilor.ro\/evenimente-restaurant-fainari\/","name":"Evenimente restaurant fainari - Casa Jienilor - Restaurant traditional","isPartOf":{"@id":"https:\/\/casajienilor.ro\/en\/#website"},"datePublished":"2020-10-12T11:30:33+00:00","dateModified":"2025-05-08T13:23:25+00:00","breadcrumb":{"@id":"https:\/\/casajienilor.ro\/evenimente-restaurant-fainari\/#breadcrumb"},"inLanguage":"en-US","potentialAction":[{"@type":"ReadAction","target":["https:\/\/casajienilor.ro\/evenimente-restaurant-fainari\/"]}]},{"@type":"BreadcrumbList","@id":"https:\/\/casajienilor.ro\/evenimente-restaurant-fainari\/#breadcrumb","itemListElement":[{"@type":"ListItem","position":1,"name":"Home","item":"https:\/\/casajienilor.ro\/"},{"@type":"ListItem","position":2,"name":"Evenimente restaurant fainari"}]},{"@type":"WebSite","@id":"https:\/\/casajienilor.ro\/en\/#website","url":"https:\/\/casajienilor.ro\/en\/","name":"Casa Jienilor - Restaurant traditional","description":"Suntem un restaurant traditional romanesc, si ne mandrim cu preparatele culinare tipice tarii noastre, de la celebrul bulz la sarmale cu mamaliguta","potentialAction":[{"@type":"SearchAction","target":{"@type":"EntryPoint","urlTemplate":"https:\/\/casajienilor.ro\/en\/?s={search_term_string}"},"query-input":"required name=search_term_string"}],"inLanguage":"en-US"}]}},"_links":{"self":[{"href":"https:\/\/casajienilor.ro\/en\/wp-json\/wp\/v2\/pages\/47","targetHints":{"allow":["GET"]}}],"collection":[{"href":"https:\/\/casajienilor.ro\/en\/wp-json\/wp\/v2\/pages"}],"about":[{"href":"https:\/\/casajienilor.ro\/en\/wp-json\/wp\/v2\/types\/page"}],"author":[{"embeddable":true,"href":"https:\/\/casajienilor.ro\/en\/wp-json\/wp\/v2\/users\/1"}],"replies":[{"embeddable":true,"href":"https:\/\/casajienilor.ro\/en\/wp-json\/wp\/v2\/comments?post=47"}],"version-history":[{"count":83,"href":"https:\/\/casajienilor.ro\/en\/wp-json\/wp\/v2\/pages\/47\/revisions"}],"predecessor-version":[{"id":4344,"href":"https:\/\/casajienilor.ro\/en\/wp-json\/wp\/v2\/pages\/47\/revisions\/4344"}],"wp:attachment":[{"href":"https:\/\/casajienilor.ro\/en\/wp-json\/wp\/v2\/media?parent=47"}],"curies":[{"name":"wp","href":"https:\/\/api.w.org\/{rel}","templated":true}]}}