{"id":77,"date":"2019-12-11T10:47:21","date_gmt":"2019-12-11T10:47:21","guid":{"rendered":"https:\/\/themes.muffingroup.com\/be\/restaurant5\/?page_id=2"},"modified":"2023-09-25T11:38:54","modified_gmt":"2023-09-25T11:38:54","slug":"home","status":"publish","type":"page","link":"https:\/\/casajienilor.ro\/en\/","title":{"rendered":"Home"},"content":{"rendered":"<section class=\"wpb-content-wrapper\"><div class=\"vc_row wpb_row vc_row-fluid\"><div class=\"wpb_column vc_column_container vc_col-sm-12\"><div class=\"vc_column-inner\"><div class=\"wpb_wrapper\">\n\t<div class=\"wpb_text_column wpb_content_element\" >\n\t\t<div class=\"wpb_wrapper\">\n\t\t\t<div class=\"row row-collapse row-full-width hide-for-medium\"  id=\"row-419537279\"><br \/>\n\n\t<div id=\"col-963607724\" class=\"col medium-6 small-12 large-6\"  >\n\t\t<div class=\"col-inner\"  >\n\t\t\t\n\t\t\t\n\n  <div class=\"banner has-hover bg-overlay-remove-50 is-full-height\" id=\"banner-1471411799\">\n          <div class=\"banner-inner fill\">\n        <div class=\"banner-bg fill\" >\n            <div class=\"bg fill bg-fill bg-loaded\"><\/div>\n                        <div class=\"overlay\"><\/div>            \n                    <\/div>\n        <div class=\"banner-layers container\">\n            <div class=\"fill banner-link\"><\/div>            \n   <div id=\"text-box-1247674992\" class=\"text-box banner-layer x50 md-x50 lg-x50 y50 md-y50 lg-y50 res-text\">\n                                <div class=\"text dark\">\n              \n              <div class=\"text-inner text-center\">\n                  \n<h1>AGRICULTORI<\/h1>\n<h4>Address:<br \/>\n<a href=\"https:\/\/www.google.com\/maps\/dir\/\/casa+jienilor+agricultori\/data=!4m6!4m5!1m1!4e2!1m2!1m1!1s0x40b1ff2b86dff8a9:0xc53c75a818d1da44?sa=X&amp;ved=2ahUKEwiu2rTUtbTvAhUZHc0KHTyWCXsQ9RcwFXoECCAQBQ\">12 Agricultori st.<\/a><br \/>\n<a href=\"https:\/\/www.google.com\/maps\/dir\/\/casa+jienilor+agricultori\/data=!4m6!4m5!1m1!4e2!1m2!1m1!1s0x40b1ff2b86dff8a9:0xc53c75a818d1da44?sa=X&amp;ved=2ahUKEwiu2rTUtbTvAhUZHc0KHTyWCXsQ9RcwFXoECCAQBQ\">Sector 2, Bucharest<\/a><br \/>\n<a href=\"mailto:agricultori@casajienilor.ro\">agricultori@casajienilor.ro<\/a><\/h4>\n<h4>Rezervarile se fac doar telefonic!<br \/>\n<a href=\"tel: 40 735 994 994\">+40 735 994 994<\/a><\/h4>\n\t<div id=\"gap-1539595473\" class=\"gap-element clearfix\" style=\"display:block; height:auto;\">\n\t\t\n<style>\n#gap-1539595473 {\n  padding-top: 10px;\n}\n<\/style>\n\t<\/div>\n\t\n<a href=\"https:\/\/casajienilor.ro\/en\/home-agricultori\/\" target=\"_self\" class=\"button secondary is-larger\"  >\n    <span>enter site<\/span>\n  <\/a>\n\n              <\/div>\n           <\/div>\n                            \n<style>\n#text-box-1247674992 {\n  width: 75%;\n}\n#text-box-1247674992 .text {\n  font-size: 100%;\n}\n@media (min-width:550px) {\n  #text-box-1247674992 {\n    width: 60%;\n  }\n}\n<\/style>\n    <\/div>\n \n        <\/div>\n      <\/div>\n\n            \n<style>\n#banner-1471411799 {\n  padding-top: 100%;\n  background-color: rgb(37, 37, 37);\n}\n#banner-1471411799 .bg.bg-loaded {\n  background-image: url(https:\/\/casajienilor.ro\/wp-content\/uploads\/2023\/07\/20230719_100714-scaled.jpg);\n}\n#banner-1471411799 .overlay {\n  background-color: rgba(0,0,0,.5);\n}\n#banner-1471411799 .bg {\n  background-position: 48% 59%;\n}\n<\/style>\n  <\/div>\n\n\n\t\t<\/div>\n\t\t\t<\/div>\n\n\t\n\n\t<div id=\"col-517509927\" class=\"col medium-6 small-12 large-6\"  >\n\t\t<div class=\"col-inner\"  >\n\t\t\t\n\t\t\t\n\n  <div class=\"banner has-hover bg-overlay-remove-50 is-full-height\" id=\"banner-587476522\">\n          <div class=\"banner-inner fill\">\n        <div class=\"banner-bg fill\" >\n            <div class=\"bg fill bg-fill bg-loaded\"><\/div>\n                        <div class=\"overlay\"><\/div>            \n                    <\/div>\n        <div class=\"banner-layers container\">\n            <div class=\"fill banner-link\"><\/div>            \n   <div id=\"text-box-1212812620\" class=\"text-box banner-layer x50 md-x50 lg-x50 y50 md-y50 lg-y50 res-text\">\n                                <div class=\"text dark\">\n              \n              <div class=\"text-inner text-center\">\n                  \n<h1>F\u0102INARI<\/h1>\n<h4>Address:<br \/>\n<a href=\"https:\/\/www.google.com\/maps\/dir\/\/casa+jienilor+fainari\/data=!4m6!4m5!1m1!4e2!1m2!1m1!1s0x40b1f8cb92cce33d:0xe97601088ab8982b?sa=X&amp;ved=2ahUKEwiL9ajitbTvAhVMV80KHRuhBTsQ9RcwFHoECBwQBA\">5 F\u0103inari st.<\/a><br \/>\n<a href=\"https:\/\/www.google.com\/maps\/dir\/\/casa+jienilor+fainari\/data=!4m6!4m5!1m1!4e2!1m2!1m1!1s0x40b1f8cb92cce33d:0xe97601088ab8982b?sa=X&amp;ved=2ahUKEwiL9ajitbTvAhVMV80KHRuhBTsQ9RcwFHoECBwQBA\">Sector 2, Bucharest<\/a><br \/>\n<a href=\"mailto:fainari@casajienilor.ro\">fainari@casajienilor.ro<\/a><\/h4>\n<h4>Rezervarile se fac doar telefonic!<br \/>\n<a href=\"tel: 40 722 916 111\">+40 722 916 111<\/a><\/h4>\n\t<div id=\"gap-2086300879\" class=\"gap-element clearfix\" style=\"display:block; height:auto;\">\n\t\t\n<style>\n#gap-2086300879 {\n  padding-top: 10px;\n}\n<\/style>\n\t<\/div>\n\t\n<a href=\"https:\/\/casajienilor.ro\/en\/home-fainari\/\" target=\"_self\" class=\"button secondary is-larger\"  >\n    <span>enter site<\/span>\n  <\/a>\n\n              <\/div>\n           <\/div>\n                            \n<style>\n#text-box-1212812620 {\n  width: 75%;\n}\n#text-box-1212812620 .text {\n  font-size: 100%;\n}\n@media (min-width:550px) {\n  #text-box-1212812620 {\n    width: 60%;\n  }\n}\n<\/style>\n    <\/div>\n \n        <\/div>\n      <\/div>\n\n            \n<style>\n#banner-587476522 {\n  padding-top: 100%;\n  background-color: rgb(37, 37, 37);\n}\n#banner-587476522 .bg.bg-loaded {\n  background-image: url(https:\/\/casajienilor.ro\/wp-content\/uploads\/2023\/07\/SLA_7545-scaled.jpg);\n}\n#banner-587476522 .overlay {\n  background-color: rgba(0,0,0,.5);\n}\n#banner-587476522 .bg {\n  background-position: 48% 59%;\n}\n<\/style>\n  <\/div>\n\n\n\t\t<\/div>\n\t\t\t<\/div>\n\n\t\n<\/div><br \/>\n<div class=\"row row-collapse row-full-width show-for-small\"  id=\"row-1515755510\"><br \/>\n\n\t<div id=\"col-954077295\" class=\"col medium-6 small-12 large-6\"  >\n\t\t<div class=\"col-inner\"  >\n\t\t\t\n\t\t\t\n\n  <div class=\"banner has-hover banner-overflow-y bg-overlay-remove-50 is-full-height\" id=\"banner-452560518\">\n          <div class=\"banner-inner fill\">\n        <div class=\"banner-bg fill\" >\n            <div class=\"bg fill bg-fill bg-loaded\"><\/div>\n                        <div class=\"overlay\"><\/div>            \n                    <\/div>\n        <div class=\"banner-layers container\">\n            <div class=\"fill banner-link\"><\/div>            \n   <div id=\"text-box-686473932\" class=\"text-box banner-layer banner-overflow-y x50 md-x50 lg-x50 y50 md-y50 lg-y50 res-text\">\n                                <div class=\"text dark\">\n              \n              <div class=\"text-inner text-center\">\n                  \n<h1 style=\"margin-top: 90px;\">AGRICULTORI<\/h1>\n<h4>Address:<br \/>\n12 Agricultori st.,<br \/>\nSector 2, Bucharest<br \/>\nagricultori@casajienilor.ro<br \/>\n+40 735 994 994<\/h4>\n<a href=\"https:\/\/casajienilor.ro\/en\/home-agricultori\/\" target=\"_self\" class=\"button secondary is-larger\"  >\n    <span>enter site<\/span>\n  <\/a>\n\n\t<div id=\"gap-508365608\" class=\"gap-element clearfix show-for-small\" style=\"display:block; height:auto;\">\n\t\t\n<style>\n#gap-508365608 {\n  padding-top: 150px;\n}\n@media (min-width:550px) {\n  #gap-508365608 {\n    padding-top: 252px;\n  }\n}\n<\/style>\n\t<\/div>\n\t\n<h1>F\u0102INARI<\/h1>\n<h4>Address:<br \/>\n5 F\u0103inari st.,<br \/>\nSector 2, Bucharest<br \/>\nfainari@ casajienilor.ro<br \/>\n+40 722 916 111<\/h4>\n<a href=\"https:\/\/casajienilor.ro\/en\/home-fainari\/\" target=\"_self\" class=\"button secondary is-larger\"  >\n    <span>enter site<\/span>\n  <\/a>\n\n              <\/div>\n           <\/div>\n                            \n<style>\n#text-box-686473932 {\n  margin: 0px 0px 00ppx 0px;\n  width: 75%;\n}\n#text-box-686473932 .text-inner {\n  padding: 0px 0px 400px 0px;\n}\n#text-box-686473932 .text {\n  font-size: 70%;\n}\n@media (min-width:550px) {\n  #text-box-686473932 {\n    width: 60%;\n  }\n}\n<\/style>\n    <\/div>\n \n   <div id=\"text-box-29083955\" class=\"text-box banner-layer x50 md-x50 lg-x50 y50 md-y50 lg-y50 res-text\">\n                                <div class=\"text dark\">\n              \n              <div class=\"text-inner text-center\">\n                  \n              <\/div>\n           <\/div>\n                            \n<style>\n#text-box-29083955 {\n  width: 75%;\n}\n#text-box-29083955 .text {\n  font-size: 70%;\n}\n@media (min-width:550px) {\n  #text-box-29083955 {\n    width: 60%;\n  }\n}\n<\/style>\n    <\/div>\n \n        <\/div>\n      <\/div>\n\n            \n<style>\n#banner-452560518 {\n  padding-top: 100%;\n  background-color: rgb(37, 37, 37);\n}\n#banner-452560518 .bg.bg-loaded {\n  background-image: url(https:\/\/casajienilor.ro\/wp-content\/uploads\/2023\/09\/AgricultoriSiFainari.png);\n}\n#banner-452560518 .overlay {\n  background-color: rgba(0,0,0,.5);\n}\n#banner-452560518 .bg {\n  background-position: 48% 59%;\n}\n<\/style>\n  <\/div>\n\n\n\t\t<\/div>\n\t\t\t<\/div>\n\n\t\n<\/div>\n\n\t\t<\/div>\n\t<\/div>\n<\/div><\/div><\/div><\/div>\n<\/section>","protected":false},"excerpt":{"rendered":"AGRICULTORI Adresa: strada Agricultori 12, Sector 2, Bucure\u0219ti agricultori@casajienilor.ro Rezervarile se fac doar telefonic! +40 735 994 994 INTR\u0102 PE SITE F\u0102INARI Adresa: strada F\u0103inari 5, Sector 2, Bucure\u0219ti fainari@casajienilor.ro Rezervarile se fac doar telefonic! +40 722 916 111 intr\u0103 pe site AGRICULTORI Adresa: Agricultori 12, Sector 2, Bucure\u0219ti agricultori@casajienilor.ro +40 735 994 994 intr\u0103 [...]","protected":false},"author":1,"featured_media":0,"parent":0,"menu_order":0,"comment_status":"closed","ping_status":"closed","template":"page-blank-landingpage.php","meta":{"_monsterinsights_skip_tracking":false,"_monsterinsights_sitenote_active":false,"_monsterinsights_sitenote_note":"","_monsterinsights_sitenote_category":0,"footnotes":""},"class_list":["post-77","page","type-page","status-publish","hentry"],"yoast_head":"<!-- This site is optimized with the Yoast SEO plugin v20.7 - https:\/\/yoast.com\/wordpress\/plugins\/seo\/ -->\n<title>Home - Casa Jienilor - Restaurant traditional<\/title>\n<meta name=\"description\" content=\"Restaurant cu specific romanesc, terasa amenajata pentru toate anotimpurile, aproape de centrul vechi in Bucuresti. Muzica live.\" \/>\n<meta name=\"robots\" content=\"index, follow, max-snippet:-1, max-image-preview:large, max-video-preview:-1\" \/>\n<link rel=\"canonical\" href=\"https:\/\/casajienilor.ro\/en\/\" \/>\n<meta property=\"og:locale\" content=\"en_US\" \/>\n<meta property=\"og:type\" content=\"article\" \/>\n<meta property=\"og:title\" content=\"Home - Casa Jienilor - Restaurant traditional\" \/>\n<meta property=\"og:description\" content=\"Restaurant cu specific romanesc, terasa amenajata pentru toate anotimpurile, aproape de centrul vechi in Bucuresti. Muzica live.\" \/>\n<meta property=\"og:url\" content=\"https:\/\/casajienilor.ro\/en\/\" \/>\n<meta property=\"og:site_name\" content=\"Casa Jienilor - Restaurant traditional\" \/>\n<meta property=\"article:publisher\" content=\"https:\/\/casajienilor.ro\/terasa-casa-jienilor\/\" \/>\n<meta property=\"article:modified_time\" content=\"2023-09-25T11:38:54+00:00\" \/>\n<meta name=\"twitter:card\" content=\"summary_large_image\" \/>\n<meta name=\"twitter:label1\" content=\"Est. reading time\" \/>\n\t<meta name=\"twitter:data1\" content=\"1 minute\" \/>\n<script type=\"application\/ld+json\" class=\"yoast-schema-graph\">{\"@context\":\"https:\/\/schema.org\",\"@graph\":[{\"@type\":\"WebPage\",\"@id\":\"https:\/\/casajienilor.ro\/\",\"url\":\"https:\/\/casajienilor.ro\/\",\"name\":\"Home - Casa Jienilor - Restaurant traditional\",\"isPartOf\":{\"@id\":\"https:\/\/casajienilor.ro\/en\/#website\"},\"datePublished\":\"2019-12-11T10:47:21+00:00\",\"dateModified\":\"2023-09-25T11:38:54+00:00\",\"description\":\"Restaurant cu specific romanesc, terasa amenajata pentru toate anotimpurile, aproape de centrul vechi in Bucuresti. Muzica live.\",\"breadcrumb\":{\"@id\":\"https:\/\/casajienilor.ro\/#breadcrumb\"},\"inLanguage\":\"en-US\",\"potentialAction\":[{\"@type\":\"ReadAction\",\"target\":[\"https:\/\/casajienilor.ro\/\"]}]},{\"@type\":\"BreadcrumbList\",\"@id\":\"https:\/\/casajienilor.ro\/#breadcrumb\",\"itemListElement\":[{\"@type\":\"ListItem\",\"position\":1,\"name\":\"Home\",\"item\":\"https:\/\/casajienilor.ro\/\"},{\"@type\":\"ListItem\",\"position\":2,\"name\":\"Home\"}]},{\"@type\":\"WebSite\",\"@id\":\"https:\/\/casajienilor.ro\/en\/#website\",\"url\":\"https:\/\/casajienilor.ro\/en\/\",\"name\":\"Casa Jienilor - Restaurant traditional\",\"description\":\"Suntem un restaurant traditional romanesc, si ne mandrim cu preparatele culinare tipice tarii noastre, de la celebrul bulz la sarmale cu mamaliguta\",\"potentialAction\":[{\"@type\":\"SearchAction\",\"target\":{\"@type\":\"EntryPoint\",\"urlTemplate\":\"https:\/\/casajienilor.ro\/en\/?s={search_term_string}\"},\"query-input\":\"required name=search_term_string\"}],\"inLanguage\":\"en-US\"}]}<\/script>\n<!-- \/ Yoast SEO plugin. -->","yoast_head_json":{"title":"Home - Casa Jienilor - Restaurant traditional","description":"Restaurant cu specific romanesc, terasa amenajata pentru toate anotimpurile, aproape de centrul vechi in Bucuresti. Muzica live.","robots":{"index":"index","follow":"follow","max-snippet":"max-snippet:-1","max-image-preview":"max-image-preview:large","max-video-preview":"max-video-preview:-1"},"canonical":"https:\/\/casajienilor.ro\/en\/","og_locale":"en_US","og_type":"article","og_title":"Home - Casa Jienilor - Restaurant traditional","og_description":"Restaurant cu specific romanesc, terasa amenajata pentru toate anotimpurile, aproape de centrul vechi in Bucuresti. Muzica live.","og_url":"https:\/\/casajienilor.ro\/en\/","og_site_name":"Casa Jienilor - Restaurant traditional","article_publisher":"https:\/\/casajienilor.ro\/terasa-casa-jienilor\/","article_modified_time":"2023-09-25T11:38:54+00:00","twitter_card":"summary_large_image","twitter_misc":{"Est. reading time":"1 minute"},"schema":{"@context":"https:\/\/schema.org","@graph":[{"@type":"WebPage","@id":"https:\/\/casajienilor.ro\/","url":"https:\/\/casajienilor.ro\/","name":"Home - Casa Jienilor - Restaurant traditional","isPartOf":{"@id":"https:\/\/casajienilor.ro\/en\/#website"},"datePublished":"2019-12-11T10:47:21+00:00","dateModified":"2023-09-25T11:38:54+00:00","description":"Restaurant cu specific romanesc, terasa amenajata pentru toate anotimpurile, aproape de centrul vechi in Bucuresti. Muzica live.","breadcrumb":{"@id":"https:\/\/casajienilor.ro\/#breadcrumb"},"inLanguage":"en-US","potentialAction":[{"@type":"ReadAction","target":["https:\/\/casajienilor.ro\/"]}]},{"@type":"BreadcrumbList","@id":"https:\/\/casajienilor.ro\/#breadcrumb","itemListElement":[{"@type":"ListItem","position":1,"name":"Home","item":"https:\/\/casajienilor.ro\/"},{"@type":"ListItem","position":2,"name":"Home"}]},{"@type":"WebSite","@id":"https:\/\/casajienilor.ro\/en\/#website","url":"https:\/\/casajienilor.ro\/en\/","name":"Casa Jienilor - Restaurant traditional","description":"Suntem un restaurant traditional romanesc, si ne mandrim cu preparatele culinare tipice tarii noastre, de la celebrul bulz la sarmale cu mamaliguta","potentialAction":[{"@type":"SearchAction","target":{"@type":"EntryPoint","urlTemplate":"https:\/\/casajienilor.ro\/en\/?s={search_term_string}"},"query-input":"required name=search_term_string"}],"inLanguage":"en-US"}]}},"_links":{"self":[{"href":"https:\/\/casajienilor.ro\/en\/wp-json\/wp\/v2\/pages\/77","targetHints":{"allow":["GET"]}}],"collection":[{"href":"https:\/\/casajienilor.ro\/en\/wp-json\/wp\/v2\/pages"}],"about":[{"href":"https:\/\/casajienilor.ro\/en\/wp-json\/wp\/v2\/types\/page"}],"author":[{"embeddable":true,"href":"https:\/\/casajienilor.ro\/en\/wp-json\/wp\/v2\/users\/1"}],"replies":[{"embeddable":true,"href":"https:\/\/casajienilor.ro\/en\/wp-json\/wp\/v2\/comments?post=77"}],"version-history":[{"count":119,"href":"https:\/\/casajienilor.ro\/en\/wp-json\/wp\/v2\/pages\/77\/revisions"}],"predecessor-version":[{"id":3495,"href":"https:\/\/casajienilor.ro\/en\/wp-json\/wp\/v2\/pages\/77\/revisions\/3495"}],"wp:attachment":[{"href":"https:\/\/casajienilor.ro\/en\/wp-json\/wp\/v2\/media?parent=77"}],"curies":[{"name":"wp","href":"https:\/\/api.w.org\/{rel}","templated":true}]}}